{"id":3274,"date":"2024-03-28T16:38:58","date_gmt":"2024-03-28T16:38:58","guid":{"rendered":"https:\/\/www.vq-consulting.com\/?page_id=3274"},"modified":"2024-11-03T18:07:48","modified_gmt":"2024-11-03T18:07:48","slug":"ueber-uns","status":"publish","type":"page","link":"https:\/\/www.vq-consulting.com\/en\/ueber-uns\/","title":{"rendered":"About us"},"content":{"rendered":"<div data-elementor-type=\"wp-page\" data-elementor-id=\"3274\" class=\"elementor elementor-3274\">\n\t\t\t\t\t\t<section class=\"elementor-section elementor-top-section elementor-element elementor-element-6b6340ae elementor-section-boxed elementor-section-height-default elementor-section-height-default\" data-id=\"6b6340ae\" data-element_type=\"section\" data-settings=\"{&quot;background_background&quot;:&quot;classic&quot;}\">\n\t\t\t\t\t\t\t<div class=\"elementor-background-overlay\"><\/div>\n\t\t\t\t\t\t\t<div class=\"elementor-container elementor-column-gap-no\">\n\t\t\t\t\t<div class=\"elementor-column elementor-col-100 elementor-top-column elementor-element elementor-element-18d6d3eb\" data-id=\"18d6d3eb\" data-element_type=\"column\">\n\t\t\t<div class=\"elementor-widget-wrap elementor-element-populated\">\n\t\t\t\t\t\t<div class=\"elementor-element elementor-element-5cc2ce elementor-widget elementor-widget-heading\" data-id=\"5cc2ce\" data-element_type=\"widget\" data-widget_type=\"heading.default\">\n\t\t\t\t<div class=\"elementor-widget-container\">\n\t\t\t<h1 class=\"elementor-heading-title elementor-size-default\">About us<\/h1>\t\t<\/div>\n\t\t\t\t<\/div>\n\t\t\t\t\t<\/div>\n\t\t<\/div>\n\t\t\t\t\t<\/div>\n\t\t<\/section>\n\t\t\t\t<section class=\"elementor-section elementor-top-section elementor-element elementor-element-398eb90 elementor-section-full_width elementor-section-height-default elementor-section-height-default\" data-id=\"398eb90\" data-element_type=\"section\">\n\t\t\t\t\t\t<div class=\"elementor-container elementor-column-gap-default\">\n\t\t\t\t\t<div class=\"elementor-column elementor-col-100 elementor-top-column elementor-element elementor-element-0791f36\" data-id=\"0791f36\" data-element_type=\"column\">\n\t\t\t<div class=\"elementor-widget-wrap elementor-element-populated\">\n\t\t\t\t\t\t<div class=\"elementor-element elementor-element-90e2e40 elementor-widget elementor-widget-heading\" data-id=\"90e2e40\" data-element_type=\"widget\" data-widget_type=\"heading.default\">\n\t\t\t\t<div class=\"elementor-widget-container\">\n\t\t\t<h2 class=\"elementor-heading-title elementor-size-default\">Gr\u00fcndung &amp; Werte<\/h2>\t\t<\/div>\n\t\t\t\t<\/div>\n\t\t\t\t\t<\/div>\n\t\t<\/div>\n\t\t\t\t\t<\/div>\n\t\t<\/section>\n\t\t\t\t<section class=\"elementor-section elementor-top-section elementor-element elementor-element-cf81781 elementor-section-full_width elementor-section-height-default elementor-section-height-default\" data-id=\"cf81781\" data-element_type=\"section\">\n\t\t\t\t\t\t<div class=\"elementor-container elementor-column-gap-default\">\n\t\t\t\t\t<div class=\"elementor-column elementor-col-33 elementor-top-column elementor-element elementor-element-8a1db47\" data-id=\"8a1db47\" data-element_type=\"column\">\n\t\t\t<div class=\"elementor-widget-wrap\">\n\t\t\t\t\t\t\t<\/div>\n\t\t<\/div>\n\t\t\t\t<div class=\"elementor-column elementor-col-33 elementor-top-column elementor-element elementor-element-68c8cc3\" data-id=\"68c8cc3\" data-element_type=\"column\">\n\t\t\t<div class=\"elementor-widget-wrap elementor-element-populated\">\n\t\t\t\t\t\t<div class=\"elementor-element elementor-element-ea73002 elementor-widget elementor-widget-text-editor\" data-id=\"ea73002\" data-element_type=\"widget\" data-widget_type=\"text-editor.default\">\n\t\t\t\t<div class=\"elementor-widget-container\">\n\t\t\t\t\t\t\t<p><span style=\"caret-color: #000000; color: #000000; font-size: 16px; text-align: justify;\">Founded in August 2020 with headquarters in Vienna, our team consists of experts with longstanding experience in national and international IT projects. and an extensive network in the DACH region. We value professionalism, fairness, and customer orientation. Our actions are guided by curiosity, innovation and empathy towards our employees, our customers and our families.\u00a0<\/span><\/p><p><span style=\"caret-color: #000000; color: #000000; font-size: 16px; text-align: justify;\">We aim to build long-term partnerships based on mutual trust, support and respect.<\/span><\/p><p><span style=\"caret-color: #000000; color: #000000; font-size: 16px; text-align: justify;\">We view our employees as our most valuable asset and, thus, we want to create a work enviornment where they can thrive.<\/span><\/p><p><span style=\"caret-color: #000000; color: #000000; font-size: 16px; text-align: justify;\">We want to redefine consulting and reconsider the concept of collaboration. The fundamentals of Quantum Computing outdated Moore\u2019s Law and we want to show in a similar manner, that there\u2019s more just 0 and 1 \u2013 We go above and beyond in order to find the best possible solutions and satisfy our clients by providing excellent quality and service.<\/span><\/p><p><span style=\"caret-color: #000000; color: #000000; font-size: 16px; text-align: justify;\">Vienna Quantum Consulting stands for personal commitment in all our projects, close cooperation, open communication and continuous development.<\/span><\/p><p><span style=\"caret-color: #000000; color: #000000; font-size: 16px; text-align: justify;\">Consulting is our passion and we pour our heart and soul into every single project. We want to achieve long-term success together \u2013 in a new, sustainable way.<\/span><\/p>\t\t\t\t\t\t<\/div>\n\t\t\t\t<\/div>\n\t\t\t\t\t<\/div>\n\t\t<\/div>\n\t\t\t\t<div class=\"elementor-column elementor-col-33 elementor-top-column elementor-element elementor-element-dc182ee elementor-hidden-mobile\" data-id=\"dc182ee\" data-element_type=\"column\">\n\t\t\t<div class=\"elementor-widget-wrap\">\n\t\t\t\t\t\t\t<\/div>\n\t\t<\/div>\n\t\t\t\t\t<\/div>\n\t\t<\/section>\n\t\t\t\t<section class=\"elementor-section elementor-top-section elementor-element elementor-element-15f1128 elementor-section-full_width elementor-section-height-default elementor-section-height-default\" data-id=\"15f1128\" data-element_type=\"section\">\n\t\t\t\t\t\t<div class=\"elementor-container elementor-column-gap-default\">\n\t\t\t\t\t<div class=\"elementor-column elementor-col-100 elementor-top-column elementor-element elementor-element-16911da\" data-id=\"16911da\" data-element_type=\"column\">\n\t\t\t<div class=\"elementor-widget-wrap elementor-element-populated\">\n\t\t\t\t\t\t<div class=\"elementor-element elementor-element-04d847e elementor-widget elementor-widget-heading\" data-id=\"04d847e\" data-element_type=\"widget\" data-widget_type=\"heading.default\">\n\t\t\t\t<div class=\"elementor-widget-container\">\n\t\t\t<h2 class=\"elementor-heading-title elementor-size-default\">Sustainability<\/h2>\t\t<\/div>\n\t\t\t\t<\/div>\n\t\t\t\t\t<\/div>\n\t\t<\/div>\n\t\t\t\t\t<\/div>\n\t\t<\/section>\n\t\t\t\t<section class=\"elementor-section elementor-top-section elementor-element elementor-element-8ab9edd elementor-section-full_width elementor-section-height-default elementor-section-height-default\" data-id=\"8ab9edd\" data-element_type=\"section\">\n\t\t\t\t\t\t<div class=\"elementor-container elementor-column-gap-default\">\n\t\t\t\t\t<div class=\"elementor-column elementor-col-100 elementor-top-column elementor-element elementor-element-e4b48d1\" data-id=\"e4b48d1\" data-element_type=\"column\">\n\t\t\t<div class=\"elementor-widget-wrap elementor-element-populated\">\n\t\t\t\t\t\t<div class=\"elementor-element elementor-element-94eacc9 elementor-widget elementor-widget-text-editor\" data-id=\"94eacc9\" data-element_type=\"widget\" data-widget_type=\"text-editor.default\">\n\t\t\t\t<div class=\"elementor-widget-container\">\n\t\t\t\t\t\t\t<p style=\"text-align: justify;\"><span style=\"caret-color: #000000; color: #000000; font-size: 16px; text-align: justify;\">Wir verpflichten uns zu Nachhaltigkeit in allen Bereichen unserer Arbeit, mit dem Ziel, einen positiven Beitrag zu unserer Gesellschaft und Umwelt zu leisten. Durch die Einf\u00fchrung eines hybriden Arbeitsmodells erm\u00f6glichen wir flexible, ortsunabh\u00e4ngige Arbeitsweisen, die die Notwendigkeit physischer Anwesenheit reduzieren, um so die Umwelt zu schonen.&nbsp;<\/span><\/p>\n<p>\n<span style=\"caret-color: #000000; color: #000000; font-size: 16px; text-align: justify;\">Wir setzen auf umweltfreundliche Mobilit\u00e4tsl\u00f6sungen, indem wir Flugreisen vermeiden und \u00f6ffentliche Verkehrsmittel bevorzugen, um unseren \u00f6kologischen Fu\u00dfabdruck zu minimieren. Die Kooperation mit heimischen Unternehmen steht im Zentrum unserer Bem\u00fchungen, um lange Transportwege zu vermeiden und regionale Wirtschaftskreisl\u00e4ufe zu st\u00e4rken.&nbsp;<\/span><\/p>\n<p><span style=\"caret-color: #000000; color: #000000; font-size: 16px; text-align: justify;\">Zudem sind wir bestrebt, unseren \u00f6kologischen Fu\u00dfabdruck durch gezielte Ma\u00dfnahmen wie die Ermittlung und Kompensation unserer Emissionen kontinuierlich zu verbessern und planen die Einf\u00fchrung eines Carbon Managers sowie die Erlangung entsprechender Zertifizierungen.<\/span><\/p>\n<p><span style=\"caret-color: #000000; color: #000000; font-size: 16px; text-align: justify;\">In allem, was wir tun, streben wir danach, Verantwortung zu \u00fcbernehmen, Ressourcen zu schonen und einen nachhaltigen Wert f\u00fcr Kunden, Mitarbeiter und die Gesellschaft zu schaffen.<\/span><\/p>\t\t\t\t\t\t<\/div>\n\t\t\t\t<\/div>\n\t\t\t\t\t<\/div>\n\t\t<\/div>\n\t\t\t\t\t<\/div>\n\t\t<\/section>\n\t\t\t\t<section class=\"elementor-section elementor-top-section elementor-element elementor-element-0303123 elementor-section-full_width elementor-section-height-default elementor-section-height-default\" data-id=\"0303123\" data-element_type=\"section\">\n\t\t\t\t\t\t<div class=\"elementor-container elementor-column-gap-default\">\n\t\t\t\t\t<div class=\"elementor-column elementor-col-33 elementor-top-column elementor-element elementor-element-fbeedec elementor-hidden-mobile\" data-id=\"fbeedec\" data-element_type=\"column\">\n\t\t\t<div class=\"elementor-widget-wrap\">\n\t\t\t\t\t\t\t<\/div>\n\t\t<\/div>\n\t\t\t\t<div class=\"elementor-column elementor-col-33 elementor-top-column elementor-element elementor-element-1d0e114\" data-id=\"1d0e114\" data-element_type=\"column\">\n\t\t\t<div class=\"elementor-widget-wrap elementor-element-populated\">\n\t\t\t\t\t\t<div class=\"elementor-element elementor-element-b5bc257 elementor-widget elementor-widget-heading\" data-id=\"b5bc257\" data-element_type=\"widget\" data-widget_type=\"heading.default\">\n\t\t\t\t<div class=\"elementor-widget-container\">\n\t\t\t<h2 class=\"elementor-heading-title elementor-size-default\">Partners<\/h2>\t\t<\/div>\n\t\t\t\t<\/div>\n\t\t\t\t\t<\/div>\n\t\t<\/div>\n\t\t\t\t<div class=\"elementor-column elementor-col-33 elementor-top-column elementor-element elementor-element-3d85b44 elementor-hidden-mobile\" data-id=\"3d85b44\" data-element_type=\"column\">\n\t\t\t<div class=\"elementor-widget-wrap\">\n\t\t\t\t\t\t\t<\/div>\n\t\t<\/div>\n\t\t\t\t\t<\/div>\n\t\t<\/section>\n\t\t\t\t<section class=\"elementor-section elementor-top-section elementor-element elementor-element-87b7e5a elementor-section-full_width elementor-section-height-default elementor-section-height-default\" data-id=\"87b7e5a\" data-element_type=\"section\">\n\t\t\t\t\t\t<div class=\"elementor-container elementor-column-gap-default\">\n\t\t\t\t\t<div class=\"elementor-column elementor-col-33 elementor-top-column elementor-element elementor-element-453741e elementor-hidden-mobile\" data-id=\"453741e\" data-element_type=\"column\">\n\t\t\t<div class=\"elementor-widget-wrap\">\n\t\t\t\t\t\t\t<\/div>\n\t\t<\/div>\n\t\t\t\t<div class=\"elementor-column elementor-col-33 elementor-top-column elementor-element elementor-element-0a4af46\" data-id=\"0a4af46\" data-element_type=\"column\">\n\t\t\t<div class=\"elementor-widget-wrap elementor-element-populated\">\n\t\t\t\t\t\t<div class=\"elementor-element elementor-element-b296815 elementor-widget__width-initial elementor-widget elementor-widget-text-editor\" data-id=\"b296815\" data-element_type=\"widget\" data-widget_type=\"text-editor.default\">\n\t\t\t\t<div class=\"elementor-widget-container\">\n\t\t\t\t\t\t\t<p><span style=\"caret-color: #000000; color: #000000; font-size: 16px; text-align: justify;\">Cooperation with selected partners is very important to us.<\/span><\/p><p><span style=\"caret-color: #000000; color: #000000; font-size: 16px; text-align: justify;\">We want to share our experience and knowledge. Supporting each other is essential for long-term success and we appreciate synamic partnerships with like-minded businesses.<\/span><\/p>\t\t\t\t\t\t<\/div>\n\t\t\t\t<\/div>\n\t\t\t\t\t<\/div>\n\t\t<\/div>\n\t\t\t\t<div class=\"elementor-column elementor-col-33 elementor-top-column elementor-element elementor-element-f52b90e\" data-id=\"f52b90e\" data-element_type=\"column\">\n\t\t\t<div class=\"elementor-widget-wrap\">\n\t\t\t\t\t\t\t<\/div>\n\t\t<\/div>\n\t\t\t\t\t<\/div>\n\t\t<\/section>\n\t\t\t\t<section class=\"elementor-section elementor-top-section elementor-element elementor-element-da87470 elementor-section-full_width elementor-section-content-middle elementor-hidden-mobile elementor-section-height-default elementor-section-height-default\" data-id=\"da87470\" data-element_type=\"section\">\n\t\t\t\t\t\t<div class=\"elementor-container elementor-column-gap-default\">\n\t\t\t\t\t<div class=\"elementor-column elementor-col-16 elementor-top-column elementor-element elementor-element-bb34b31\" data-id=\"bb34b31\" data-element_type=\"column\">\n\t\t\t<div class=\"elementor-widget-wrap\">\n\t\t\t\t\t\t\t<\/div>\n\t\t<\/div>\n\t\t\t\t<div class=\"elementor-column elementor-col-16 elementor-top-column elementor-element elementor-element-8b00029\" data-id=\"8b00029\" data-element_type=\"column\">\n\t\t\t<div class=\"elementor-widget-wrap\">\n\t\t\t\t\t\t\t<\/div>\n\t\t<\/div>\n\t\t\t\t<div class=\"elementor-column elementor-col-16 elementor-top-column elementor-element elementor-element-5ac43a3\" data-id=\"5ac43a3\" data-element_type=\"column\">\n\t\t\t<div class=\"elementor-widget-wrap elementor-element-populated\">\n\t\t\t\t\t\t<div class=\"elementor-element elementor-element-4edec30 elementor-widget elementor-widget-image\" data-id=\"4edec30\" data-element_type=\"widget\" data-widget_type=\"image.default\">\n\t\t\t\t<div class=\"elementor-widget-container\">\n\t\t\t\t\t\t\t\t\t\t\t\t\t\t<a href=\"https:\/\/dsag.de\/ueber-uns\/oesterreich\/\" target=\"_blank\">\n\t\t\t\t\t\t\t<img decoding=\"async\" width=\"150\" height=\"150\" src=\"https:\/\/www.vq-consulting.com\/wp-content\/uploads\/2022\/06\/Logo-DSAG-150x150.png\" class=\"attachment-thumbnail size-thumbnail wp-image-2915\" alt=\"\" srcset=\"https:\/\/www.vq-consulting.com\/wp-content\/uploads\/2022\/06\/Logo-DSAG-150x150.png 150w, https:\/\/www.vq-consulting.com\/wp-content\/uploads\/2022\/06\/Logo-DSAG-12x12.png 12w, https:\/\/www.vq-consulting.com\/wp-content\/uploads\/2022\/06\/Logo-DSAG.png 225w\" sizes=\"(max-width: 150px) 100vw, 150px\" \/>\t\t\t\t\t\t\t\t<\/a>\n\t\t\t\t\t\t\t\t\t\t\t\t\t<\/div>\n\t\t\t\t<\/div>\n\t\t\t\t\t<\/div>\n\t\t<\/div>\n\t\t\t\t<div class=\"elementor-column elementor-col-16 elementor-top-column elementor-element elementor-element-35b61cb\" data-id=\"35b61cb\" data-element_type=\"column\">\n\t\t\t<div class=\"elementor-widget-wrap elementor-element-populated\">\n\t\t\t\t\t\t<div class=\"elementor-element elementor-element-2646c80 elementor-widget elementor-widget-image\" data-id=\"2646c80\" data-element_type=\"widget\" data-widget_type=\"image.default\">\n\t\t\t\t<div class=\"elementor-widget-container\">\n\t\t\t\t\t\t\t\t\t\t\t\t\t\t<a href=\"https:\/\/lichtblickhof.at\" target=\"_blank\">\n\t\t\t\t\t\t\t<img decoding=\"async\" width=\"180\" height=\"225\" src=\"https:\/\/www.vq-consulting.com\/wp-content\/uploads\/2022\/06\/lichtblickhof.jpg\" class=\"attachment-large size-large wp-image-2918\" alt=\"\" srcset=\"https:\/\/www.vq-consulting.com\/wp-content\/uploads\/2022\/06\/lichtblickhof.jpg 180w, https:\/\/www.vq-consulting.com\/wp-content\/uploads\/2022\/06\/lichtblickhof-10x12.jpg 10w\" sizes=\"(max-width: 180px) 100vw, 180px\" \/>\t\t\t\t\t\t\t\t<\/a>\n\t\t\t\t\t\t\t\t\t\t\t\t\t<\/div>\n\t\t\t\t<\/div>\n\t\t\t\t\t<\/div>\n\t\t<\/div>\n\t\t\t\t<div class=\"elementor-column elementor-col-16 elementor-top-column elementor-element elementor-element-1eb859b\" data-id=\"1eb859b\" data-element_type=\"column\">\n\t\t\t<div class=\"elementor-widget-wrap\">\n\t\t\t\t\t\t\t<\/div>\n\t\t<\/div>\n\t\t\t\t<div class=\"elementor-column elementor-col-16 elementor-top-column elementor-element elementor-element-a8f0db8\" data-id=\"a8f0db8\" data-element_type=\"column\">\n\t\t\t<div class=\"elementor-widget-wrap\">\n\t\t\t\t\t\t\t<\/div>\n\t\t<\/div>\n\t\t\t\t\t<\/div>\n\t\t<\/section>\n\t\t\t\t<section class=\"elementor-section elementor-top-section elementor-element elementor-element-1aad00b elementor-hidden-desktop elementor-hidden-tablet elementor-section-boxed elementor-section-height-default elementor-section-height-default\" data-id=\"1aad00b\" data-element_type=\"section\">\n\t\t\t\t\t\t<div class=\"elementor-container elementor-column-gap-default\">\n\t\t\t\t\t<div class=\"elementor-column elementor-col-33 elementor-top-column elementor-element elementor-element-dec3edf\" data-id=\"dec3edf\" data-element_type=\"column\">\n\t\t\t<div class=\"elementor-widget-wrap elementor-element-populated\">\n\t\t\t\t\t\t<div class=\"elementor-element elementor-element-79f8d3d elementor-widget elementor-widget-image\" data-id=\"79f8d3d\" data-element_type=\"widget\" data-widget_type=\"image.default\">\n\t\t\t\t<div class=\"elementor-widget-container\">\n\t\t\t\t\t\t\t\t\t\t\t\t\t\t<a href=\"http:\/\/dsag.de\/ueber-uns\/oesterreich\/\" target=\"_blank\">\n\t\t\t\t\t\t\t<img decoding=\"async\" width=\"150\" height=\"150\" src=\"https:\/\/www.vq-consulting.com\/wp-content\/uploads\/2022\/06\/Logo-DSAG-150x150.png\" class=\"attachment-thumbnail size-thumbnail wp-image-2915\" alt=\"\" srcset=\"https:\/\/www.vq-consulting.com\/wp-content\/uploads\/2022\/06\/Logo-DSAG-150x150.png 150w, https:\/\/www.vq-consulting.com\/wp-content\/uploads\/2022\/06\/Logo-DSAG-12x12.png 12w, https:\/\/www.vq-consulting.com\/wp-content\/uploads\/2022\/06\/Logo-DSAG.png 225w\" sizes=\"(max-width: 150px) 100vw, 150px\" \/>\t\t\t\t\t\t\t\t<\/a>\n\t\t\t\t\t\t\t\t\t\t\t\t\t<\/div>\n\t\t\t\t<\/div>\n\t\t\t\t\t<\/div>\n\t\t<\/div>\n\t\t\t\t<div class=\"elementor-column elementor-col-33 elementor-top-column elementor-element elementor-element-4e635cc\" data-id=\"4e635cc\" data-element_type=\"column\">\n\t\t\t<div class=\"elementor-widget-wrap\">\n\t\t\t\t\t\t\t<\/div>\n\t\t<\/div>\n\t\t\t\t<div class=\"elementor-column elementor-col-33 elementor-top-column elementor-element elementor-element-9f38a3d\" data-id=\"9f38a3d\" data-element_type=\"column\">\n\t\t\t<div class=\"elementor-widget-wrap elementor-element-populated\">\n\t\t\t\t\t\t<div class=\"elementor-element elementor-element-e29e015 elementor-widget elementor-widget-image\" data-id=\"e29e015\" data-element_type=\"widget\" data-widget_type=\"image.default\">\n\t\t\t\t<div class=\"elementor-widget-container\">\n\t\t\t\t\t\t\t\t\t\t\t\t\t\t<a href=\"http:\/\/lichtblickhof.at\" target=\"_blank\">\n\t\t\t\t\t\t\t<img decoding=\"async\" width=\"180\" height=\"225\" src=\"https:\/\/www.vq-consulting.com\/wp-content\/uploads\/2022\/06\/lichtblickhof.jpg\" class=\"attachment-medium size-medium wp-image-2918\" alt=\"\" srcset=\"https:\/\/www.vq-consulting.com\/wp-content\/uploads\/2022\/06\/lichtblickhof.jpg 180w, https:\/\/www.vq-consulting.com\/wp-content\/uploads\/2022\/06\/lichtblickhof-10x12.jpg 10w\" sizes=\"(max-width: 180px) 100vw, 180px\" \/>\t\t\t\t\t\t\t\t<\/a>\n\t\t\t\t\t\t\t\t\t\t\t\t\t<\/div>\n\t\t\t\t<\/div>\n\t\t\t\t\t<\/div>\n\t\t<\/div>\n\t\t\t\t\t<\/div>\n\t\t<\/section>\n\t\t\t\t<\/div>","protected":false},"excerpt":{"rendered":"<p>\u00dcber uns Gr\u00fcndung &amp; Werte Gegr\u00fcndet im August 2020 mit Hauptsitz in Wien und einem Netzwerk in der gesamten Region DACH besteht unser Team aus Experten mit langj\u00e4hriger Erfahrung in nationalen und internationalen IT-Projekten. Was uns eint, ist der Gedanke an Professionalit\u00e4t, Fairness und Kundenorientierung. Dabei agieren wir neugierig, innovativ und mit hoher Empathie gegen\u00fcber [&hellip;]<\/p>\n","protected":false},"author":5,"featured_media":0,"parent":0,"menu_order":0,"comment_status":"closed","ping_status":"closed","template":"","meta":{"site-sidebar-layout":"no-sidebar","site-content-layout":"page-builder","ast-site-content-layout":"","site-content-style":"default","site-sidebar-style":"default","ast-global-header-display":"","ast-banner-title-visibility":"","ast-main-header-display":"","ast-hfb-above-header-display":"","ast-hfb-below-header-display":"","ast-hfb-mobile-header-display":"","site-post-title":"disabled","ast-breadcrumbs-content":"","ast-featured-img":"disabled","footer-sml-layout":"","theme-transparent-header-meta":"default","adv-header-id-meta":"","stick-header-meta":"","header-above-stick-meta":"","header-main-stick-meta":"","header-below-stick-meta":"","astra-migrate-meta-layouts":"default","ast-page-background-enabled":"default","ast-page-background-meta":{"desktop":{"background-color":"","background-image":"","background-repeat":"repeat","background-position":"center center","background-size":"auto","background-attachment":"scroll","background-type":"","background-media":"","overlay-type":"","overlay-color":"","overlay-opacity":"","overlay-gradient":""},"tablet":{"background-color":"","background-image":"","background-repeat":"repeat","background-position":"center center","background-size":"auto","background-attachment":"scroll","background-type":"","background-media":"","overlay-type":"","overlay-color":"","overlay-opacity":"","overlay-gradient":""},"mobile":{"background-color":"","background-image":"","background-repeat":"repeat","background-position":"center center","background-size":"auto","background-attachment":"scroll","background-type":"","background-media":"","overlay-type":"","overlay-color":"","overlay-opacity":"","overlay-gradient":""}},"ast-content-background-meta":{"desktop":{"background-color":"var(--ast-global-color-5)","background-image":"","background-repeat":"repeat","background-position":"center center","background-size":"auto","background-attachment":"scroll","background-type":"","background-media":"","overlay-type":"","overlay-color":"","overlay-opacity":"","overlay-gradient":""},"tablet":{"background-color":"var(--ast-global-color-5)","background-image":"","background-repeat":"repeat","background-position":"center center","background-size":"auto","background-attachment":"scroll","background-type":"","background-media":"","overlay-type":"","overlay-color":"","overlay-opacity":"","overlay-gradient":""},"mobile":{"background-color":"var(--ast-global-color-5)","background-image":"","background-repeat":"repeat","background-position":"center center","background-size":"auto","background-attachment":"scroll","background-type":"","background-media":"","overlay-type":"","overlay-color":"","overlay-opacity":"","overlay-gradient":""}},"footnotes":""},"class_list":["post-3274","page","type-page","status-publish","hentry"],"_links":{"self":[{"href":"https:\/\/www.vq-consulting.com\/en\/wp-json\/wp\/v2\/pages\/3274","targetHints":{"allow":["GET"]}}],"collection":[{"href":"https:\/\/www.vq-consulting.com\/en\/wp-json\/wp\/v2\/pages"}],"about":[{"href":"https:\/\/www.vq-consulting.com\/en\/wp-json\/wp\/v2\/types\/page"}],"author":[{"embeddable":true,"href":"https:\/\/www.vq-consulting.com\/en\/wp-json\/wp\/v2\/users\/5"}],"replies":[{"embeddable":true,"href":"https:\/\/www.vq-consulting.com\/en\/wp-json\/wp\/v2\/comments?post=3274"}],"version-history":[{"count":13,"href":"https:\/\/www.vq-consulting.com\/en\/wp-json\/wp\/v2\/pages\/3274\/revisions"}],"predecessor-version":[{"id":3319,"href":"https:\/\/www.vq-consulting.com\/en\/wp-json\/wp\/v2\/pages\/3274\/revisions\/3319"}],"wp:attachment":[{"href":"https:\/\/www.vq-consulting.com\/en\/wp-json\/wp\/v2\/media?parent=3274"}],"curies":[{"name":"wp","href":"https:\/\/api.w.org\/{rel}","templated":true}]}}