{"id":3097,"date":"2022-12-22T10:36:31","date_gmt":"2022-12-22T10:36:31","guid":{"rendered":"https:\/\/www.vq-consulting.com\/?page_id=3097"},"modified":"2024-04-03T12:41:34","modified_gmt":"2024-04-03T12:41:34","slug":"grunderteam","status":"publish","type":"page","link":"https:\/\/www.vq-consulting.com\/en\/grunderteam\/","title":{"rendered":"Founders"},"content":{"rendered":"<div data-elementor-type=\"wp-page\" data-elementor-id=\"3097\" class=\"elementor elementor-3097\">\n\t\t\t\t\t\t<section class=\"elementor-section elementor-top-section elementor-element elementor-element-6b6340ae elementor-section-boxed elementor-section-height-default elementor-section-height-default\" data-id=\"6b6340ae\" data-element_type=\"section\" data-settings=\"{&quot;background_background&quot;:&quot;classic&quot;}\">\n\t\t\t\t\t\t\t<div class=\"elementor-background-overlay\"><\/div>\n\t\t\t\t\t\t\t<div class=\"elementor-container elementor-column-gap-no\">\n\t\t\t\t\t<div class=\"elementor-column elementor-col-100 elementor-top-column elementor-element elementor-element-18d6d3eb\" data-id=\"18d6d3eb\" data-element_type=\"column\">\n\t\t\t<div class=\"elementor-widget-wrap elementor-element-populated\">\n\t\t\t\t\t\t<div class=\"elementor-element elementor-element-5cc2ce elementor-widget__width-initial elementor-widget elementor-widget-heading\" data-id=\"5cc2ce\" data-element_type=\"widget\" data-widget_type=\"heading.default\">\n\t\t\t\t<div class=\"elementor-widget-container\">\n\t\t\t<h1 class=\"elementor-heading-title elementor-size-default\">Management<\/h1>\t\t<\/div>\n\t\t\t\t<\/div>\n\t\t\t\t\t<\/div>\n\t\t<\/div>\n\t\t\t\t\t<\/div>\n\t\t<\/section>\n\t\t\t\t<section class=\"elementor-section elementor-top-section elementor-element elementor-element-81e4d15 elementor-section-boxed elementor-section-height-default elementor-section-height-default\" data-id=\"81e4d15\" data-element_type=\"section\">\n\t\t\t\t\t\t<div class=\"elementor-container elementor-column-gap-default\">\n\t\t\t\t\t<div class=\"elementor-column elementor-col-100 elementor-top-column elementor-element elementor-element-a539683\" data-id=\"a539683\" data-element_type=\"column\">\n\t\t\t<div class=\"elementor-widget-wrap elementor-element-populated\">\n\t\t\t\t\t\t<div class=\"elementor-element elementor-element-710661a elementor-widget elementor-widget-text-editor\" data-id=\"710661a\" data-element_type=\"widget\" data-widget_type=\"text-editor.default\">\n\t\t\t\t<div class=\"elementor-widget-container\">\n\t\t\t\t\t\t\t\t\t\t\t\t\t<\/div>\n\t\t\t\t<\/div>\n\t\t\t\t<div class=\"elementor-element elementor-element-93d0d21 elementor-widget elementor-widget-text-editor\" data-id=\"93d0d21\" data-element_type=\"widget\" data-widget_type=\"text-editor.default\">\n\t\t\t\t<div class=\"elementor-widget-container\">\n\t\t\t\t\t\t\t<p><span style=\"color: #000000; font-size: 16px; font-style: inherit; font-weight: inherit; caret-color: #000000; letter-spacing: 0px;\">Vienna Quantum Consulting wurde mit der Vision gegr\u00fcndet, Beratung durch pers\u00f6nliches Engagement, langj\u00e4hrige Expertise und innovative Ideen neu zu definieren:<\/span><\/p>\n<p style=\"font-size: 15px; color: #7a7a7a; text-align: start;\"><span style=\"color: #000000; font-size: 16px; text-align: justify; caret-color: #000000;\"><b><i>\u201cWe value partnerships that are built on trust and support. Our clients are of utmost importance to us and we want to offer them individual solutions and the highest quality possible. VQC stands for sustainable, long-term success and teamwork.\u201d&nbsp;<\/i><\/b><\/span><\/p>\n<p style=\"font-size: 15px; font-style: normal; font-weight: 400; color: #7a7a7a; text-align: start;\"><span style=\"color: #000000; font-size: 16px; text-align: justify; caret-color: #000000;\">Der Wunsch, Wissen und Erfahrungen weiterzugeben und andere f\u00fcr die Beratung zu begeistern, pr\u00e4gt die Arbeit von VQC von Beginn an. Andreas und Norbert setzen bei ihrer Arbeit auf Teamwork, Qualit\u00e4t, Nachhaltigkeit und soziale Verantwortung.&nbsp;<\/span><\/p>\n<p style=\"font-size: 15px; font-style: normal; font-weight: 400; color: #7a7a7a; text-align: start;\"><span style=\"color: #000000; font-size: 16px; text-align: justify; caret-color: #000000;\">By offering the highest quality, personal commitment, dedication and know how, we aim to redefine collaboration while taking on social responsibility.&nbsp;<\/span><\/p>\n<p style=\"font-size: 15px; font-style: normal; font-weight: 400; color: #7a7a7a; text-align: start;\"><span style=\"color: #000000; font-size: 16px; text-align: justify; caret-color: #000000;\">Our goal is to achieve sustainable success \u2013 together.<\/span><\/p>\t\t\t\t\t\t<\/div>\n\t\t\t\t<\/div>\n\t\t\t\t<div class=\"elementor-element elementor-element-1427425 elementor-widget elementor-widget-text-editor\" data-id=\"1427425\" data-element_type=\"widget\" data-widget_type=\"text-editor.default\">\n\t\t\t\t<div class=\"elementor-widget-container\">\n\t\t\t\t\t\t\t\t\t\t\t\t\t<\/div>\n\t\t\t\t<\/div>\n\t\t\t\t\t<\/div>\n\t\t<\/div>\n\t\t\t\t\t<\/div>\n\t\t<\/section>\n\t\t\t\t<section class=\"elementor-section elementor-top-section elementor-element elementor-element-93c9072 elementor-section-boxed elementor-section-height-default elementor-section-height-default\" data-id=\"93c9072\" data-element_type=\"section\">\n\t\t\t\t\t\t<div class=\"elementor-container elementor-column-gap-default\">\n\t\t\t\t\t<div class=\"elementor-column elementor-col-100 elementor-top-column elementor-element elementor-element-940f3d9\" data-id=\"940f3d9\" data-element_type=\"column\">\n\t\t\t<div class=\"elementor-widget-wrap elementor-element-populated\">\n\t\t\t\t\t\t<div class=\"elementor-element elementor-element-b884619 elementor-widget elementor-widget-heading\" data-id=\"b884619\" data-element_type=\"widget\" data-widget_type=\"heading.default\">\n\t\t\t\t<div class=\"elementor-widget-container\">\n\t\t\t<h2 class=\"elementor-heading-title elementor-size-default\">Andreas<\/h2>\t\t<\/div>\n\t\t\t\t<\/div>\n\t\t\t\t\t<\/div>\n\t\t<\/div>\n\t\t\t\t\t<\/div>\n\t\t<\/section>\n\t\t\t\t<section class=\"elementor-section elementor-top-section elementor-element elementor-element-0d4726b elementor-section-boxed elementor-section-height-default elementor-section-height-default\" data-id=\"0d4726b\" data-element_type=\"section\">\n\t\t\t\t\t\t<div class=\"elementor-container elementor-column-gap-default\">\n\t\t\t\t\t<div class=\"elementor-column elementor-col-33 elementor-top-column elementor-element elementor-element-8849e5a\" data-id=\"8849e5a\" data-element_type=\"column\">\n\t\t\t<div class=\"elementor-widget-wrap elementor-element-populated\">\n\t\t\t\t\t\t<div class=\"elementor-element elementor-element-fe31da3 elementor-widget elementor-widget-image\" data-id=\"fe31da3\" data-element_type=\"widget\" data-widget_type=\"image.default\">\n\t\t\t\t<div class=\"elementor-widget-container\">\n\t\t\t\t\t\t\t\t\t\t\t\t\t<img fetchpriority=\"high\" decoding=\"async\" width=\"560\" height=\"700\" src=\"https:\/\/www.vq-consulting.com\/wp-content\/uploads\/2023\/12\/VQC_Quanz_1_sw_700px.jpg\" class=\"attachment-large size-large wp-image-3231\" alt=\"\" srcset=\"https:\/\/www.vq-consulting.com\/wp-content\/uploads\/2023\/12\/VQC_Quanz_1_sw_700px.jpg 560w, https:\/\/www.vq-consulting.com\/wp-content\/uploads\/2023\/12\/VQC_Quanz_1_sw_700px-240x300.jpg 240w, https:\/\/www.vq-consulting.com\/wp-content\/uploads\/2023\/12\/VQC_Quanz_1_sw_700px-10x12.jpg 10w\" sizes=\"(max-width: 560px) 100vw, 560px\" \/>\t\t\t\t\t\t\t\t\t\t\t\t\t<\/div>\n\t\t\t\t<\/div>\n\t\t\t\t\t<\/div>\n\t\t<\/div>\n\t\t\t\t<div class=\"elementor-column elementor-col-66 elementor-top-column elementor-element elementor-element-0f04238\" data-id=\"0f04238\" data-element_type=\"column\">\n\t\t\t<div class=\"elementor-widget-wrap elementor-element-populated\">\n\t\t\t\t\t\t<div class=\"elementor-element elementor-element-c01fd1d elementor-widget elementor-widget-text-editor\" data-id=\"c01fd1d\" data-element_type=\"widget\" data-widget_type=\"text-editor.default\">\n\t\t\t\t<div class=\"elementor-widget-container\">\n\t\t\t\t\t\t\t<div style=\"margin: 0px; padding: 0px; user-select: text; -webkit-user-drag: none; -webkit-tap-highlight-color: transparent; overflow: visible; cursor: text; clear: both; position: relative; direction: ltr; color: rgb(0, 0, 0); font-family: &quot;Segoe UI&quot;, &quot;Segoe UI Web&quot;, Arial, Verdana, sans-serif; font-size: 12px;\">\n<p style=\"font-size: 15px; font-style: normal; font-weight: 400; font-family: Roboto, sans-serif; color: rgb(122, 122, 122);\"><span style=\"color: rgb(0, 0, 0); font-size: 16px; text-align: justify; caret-color: rgb(0, 0, 0);\">Andreas Quanz is one of the founding members of VQC and discovered his passion for consulting in his youth.&nbsp;<\/span><span style=\"color: black; font-family: Roboto; font-size: 12pt; letter-spacing: 0px; word-spacing: 0.1em;\">His degree is mathematics laid the foundation for his current areas of work which are SAP Finance, financial processes and project management. Additionally, Andreas is a great listener and a team player.<\/span><\/p>\n<p style=\"font-size: 15px; font-style: normal; font-weight: 400; font-family: Roboto, sans-serif; color: rgb(122, 122, 122);\"><span style=\"color: rgb(0, 0, 0); font-size: 16px; text-align: justify; caret-color: rgb(0, 0, 0);\">He appreciates the versatility of consulting and enjoys the opportunity to work with different people from diverse cultures and countries. Andreas considers the role of business as crucial when it comes to social and enviornmental responsibility. He want to drive change and help VQC to make a positive impact.<\/span><\/p>\n<p style=\"font-size: 15px; font-family: Roboto, sans-serif; color: rgb(122, 122, 122);\"><span style=\"color: rgb(0, 0, 0); font-size: 16px; text-align: justify; caret-color: rgb(0, 0, 0);\">Andreas feels that long-term partnerships and individual approaches to solutions are essential for achieving sustainable success: <b style=\"\"><i>\"We want to stay true to our principles while offering the highest quality.\"<\/i><\/b><\/span><\/p>\n<p style=\"font-size: 15px; font-style: normal; font-weight: 400; font-family: Roboto, sans-serif; color: rgb(122, 122, 122);\"><span style=\"color: rgb(0, 0, 0); font-size: 16px; text-align: justify; caret-color: rgb(0, 0, 0);\">Andreas is an analytical thinker and always well organized. Spending time with his family and friends is Andreas\u2019 favourite way to enjoy his free time. He also enjoys traveling and discovering new cultures. Together with his family he lives in Munich.<\/span><\/p>\n<\/div>\n<div style=\"margin: 0px; padding: 0px; user-select: text; -webkit-user-drag: none; -webkit-tap-highlight-color: transparent; overflow: visible; cursor: text; clear: both; position: relative; direction: ltr; color: rgb(0, 0, 0); font-family: &quot;Segoe UI&quot;, &quot;Segoe UI Web&quot;, Arial, Verdana, sans-serif; font-size: 12px;\">\n<\/div>\t\t\t\t\t\t<\/div>\n\t\t\t\t<\/div>\n\t\t\t\t\t<\/div>\n\t\t<\/div>\n\t\t\t\t\t<\/div>\n\t\t<\/section>\n\t\t\t\t<section class=\"elementor-section elementor-top-section elementor-element elementor-element-e0a52a0 elementor-section-boxed elementor-section-height-default elementor-section-height-default\" data-id=\"e0a52a0\" data-element_type=\"section\">\n\t\t\t\t\t\t<div class=\"elementor-container elementor-column-gap-default\">\n\t\t\t\t\t<div class=\"elementor-column elementor-col-100 elementor-top-column elementor-element elementor-element-9003aa7\" data-id=\"9003aa7\" data-element_type=\"column\">\n\t\t\t<div class=\"elementor-widget-wrap\">\n\t\t\t\t\t\t\t<\/div>\n\t\t<\/div>\n\t\t\t\t\t<\/div>\n\t\t<\/section>\n\t\t\t\t<section class=\"elementor-section elementor-top-section elementor-element elementor-element-5e4709a elementor-section-boxed elementor-section-height-default elementor-section-height-default\" data-id=\"5e4709a\" data-element_type=\"section\">\n\t\t\t\t\t\t<div class=\"elementor-container elementor-column-gap-default\">\n\t\t\t\t\t<div class=\"elementor-column elementor-col-100 elementor-top-column elementor-element elementor-element-acd4f13\" data-id=\"acd4f13\" data-element_type=\"column\">\n\t\t\t<div class=\"elementor-widget-wrap elementor-element-populated\">\n\t\t\t\t\t\t<div class=\"elementor-element elementor-element-5cfadb2 elementor-widget elementor-widget-heading\" data-id=\"5cfadb2\" data-element_type=\"widget\" data-widget_type=\"heading.default\">\n\t\t\t\t<div class=\"elementor-widget-container\">\n\t\t\t<h2 class=\"elementor-heading-title elementor-size-default\">Norbert<\/h2>\t\t<\/div>\n\t\t\t\t<\/div>\n\t\t\t\t\t<\/div>\n\t\t<\/div>\n\t\t\t\t\t<\/div>\n\t\t<\/section>\n\t\t\t\t<section class=\"elementor-section elementor-top-section elementor-element elementor-element-96b654c elementor-section-boxed elementor-section-height-default elementor-section-height-default\" data-id=\"96b654c\" data-element_type=\"section\">\n\t\t\t\t\t\t<div class=\"elementor-container elementor-column-gap-default\">\n\t\t\t\t\t<div class=\"elementor-column elementor-col-33 elementor-top-column elementor-element elementor-element-40172aa\" data-id=\"40172aa\" data-element_type=\"column\">\n\t\t\t<div class=\"elementor-widget-wrap elementor-element-populated\">\n\t\t\t\t\t\t<div class=\"elementor-element elementor-element-9af3b18 elementor-widget elementor-widget-image\" data-id=\"9af3b18\" data-element_type=\"widget\" data-widget_type=\"image.default\">\n\t\t\t\t<div class=\"elementor-widget-container\">\n\t\t\t\t\t\t\t\t\t\t\t\t\t<img decoding=\"async\" width=\"560\" height=\"700\" src=\"https:\/\/www.vq-consulting.com\/wp-content\/uploads\/2023\/12\/VQC_Mayerhofer_1_sw_700px.jpg\" class=\"attachment-large size-large wp-image-3230\" alt=\"\" srcset=\"https:\/\/www.vq-consulting.com\/wp-content\/uploads\/2023\/12\/VQC_Mayerhofer_1_sw_700px.jpg 560w, https:\/\/www.vq-consulting.com\/wp-content\/uploads\/2023\/12\/VQC_Mayerhofer_1_sw_700px-240x300.jpg 240w, https:\/\/www.vq-consulting.com\/wp-content\/uploads\/2023\/12\/VQC_Mayerhofer_1_sw_700px-10x12.jpg 10w\" sizes=\"(max-width: 560px) 100vw, 560px\" \/>\t\t\t\t\t\t\t\t\t\t\t\t\t<\/div>\n\t\t\t\t<\/div>\n\t\t\t\t\t<\/div>\n\t\t<\/div>\n\t\t\t\t<div class=\"elementor-column elementor-col-66 elementor-top-column elementor-element elementor-element-b1c229b\" data-id=\"b1c229b\" data-element_type=\"column\">\n\t\t\t<div class=\"elementor-widget-wrap elementor-element-populated\">\n\t\t\t\t\t\t<div class=\"elementor-element elementor-element-ce52d5a elementor-widget elementor-widget-text-editor\" data-id=\"ce52d5a\" data-element_type=\"widget\" data-widget_type=\"text-editor.default\">\n\t\t\t\t<div class=\"elementor-widget-container\">\n\t\t\t\t\t\t\t<div style=\"margin: 0px; padding: 0px; user-select: text; -webkit-user-drag: none; -webkit-tap-highlight-color: transparent; overflow: visible; cursor: text; clear: both; position: relative; direction: ltr; color: #000000; font-family: 'Segoe UI', 'Segoe UI Web', Arial, Verdana, sans-serif; font-size: 12px;\"><p style=\"margin-bottom: 0px; user-select: text; -webkit-user-drag: none; -webkit-tap-highlight-color: transparent; overflow-wrap: break-word; white-space: pre-wrap; font-weight: normal; font-style: normal; font-kerning: none; background-color: transparent; color: windowtext;\"><span style=\"background-color: transparent; color: windowtext; font-family: Roboto, sans-serif; font-size: 16px; font-variant-ligatures: none; font-weight: var( --e-global-typography-text-font-weight ); text-align: justify; word-spacing: 1.6px; caret-color: #000000;\">Norbert Mayerhofer ist einer der Gr\u00fcndungspartner von VQC. W\u00e4hrend seines Studiums der Wirtschaftsinformatik sammelte er erste Erfahrungen in der Beratung und war sofort von der Abwechslung und Vielf\u00e4ltigkeit der Beratert\u00e4tigkeit begeistert.<\/span><\/p><p style=\"margin-bottom: 0px; user-select: text; -webkit-user-drag: none; -webkit-tap-highlight-color: transparent; overflow-wrap: break-word; white-space: pre-wrap; font-weight: normal; font-style: normal; font-kerning: none; background-color: transparent; color: windowtext;\"><span style=\"background-color: transparent; color: windowtext; font-family: Roboto, sans-serif; font-size: 16px; font-variant-ligatures: none; font-weight: var( --e-global-typography-text-font-weight ); letter-spacing: 0px; word-spacing: 1.6px; caret-color: #000000;\">Currently, Norbert is mainly responsible for project management. He is passionate about creating an environment for others to enjoy and thrive in. Norbert is a great listener, an excellent teamplayer and is well-known for his structured, analytical way of working.<\/span><\/p><p style=\"margin-bottom: 0px; user-select: text; -webkit-user-drag: none; -webkit-tap-highlight-color: transparent; overflow-wrap: break-word; white-space: pre-wrap; font-weight: normal; font-style: normal; font-kerning: none; background-color: transparent; color: windowtext;\"><span style=\"background-color: transparent; color: windowtext; font-weight: var( --e-global-typography-text-font-weight ); letter-spacing: 0px; font-family: Roboto, sans-serif; font-size: 16px; font-variant-ligatures: none; word-spacing: 1.6px; caret-color: #000000;\">VQC\u2019s actions are guided by the principles of sustainability and social responsibility which is something Norbert deeply cares about: <\/span><b style=\"background-color: transparent; color: windowtext; font-style: inherit; letter-spacing: 0px; font-family: Roboto, sans-serif; font-size: 16px; font-variant-ligatures: none; word-spacing: 1.6px; caret-color: #000000;\"><i>\"Sustainable consulting means acting in the best interest of customers, employees, the environment and oneself and guides our actions and decisions on every level.\" <\/i><\/b><span style=\"background-color: transparent; color: windowtext; font-weight: var( --e-global-typography-text-font-weight ); letter-spacing: 0px; font-family: Roboto, sans-serif; font-size: 16px; font-variant-ligatures: none; word-spacing: 1.6px; caret-color: #000000;\">He is convinced that only by doing so, quality, success and satisfaction can be ensured in the long term.<\/span><\/p><p style=\"margin-bottom: 0px; user-select: text; -webkit-user-drag: none; -webkit-tap-highlight-color: transparent; overflow-wrap: break-word; white-space: pre-wrap; font-weight: normal; font-style: normal; font-kerning: none; background-color: transparent; color: windowtext;\"><span style=\"background-color: transparent; color: windowtext; font-family: Roboto, sans-serif; font-size: 16px; font-variant-ligatures: none; font-weight: var( --e-global-typography-text-font-weight ); word-spacing: 1.6px; caret-color: #000000; letter-spacing: 0px;\">Born and raised in Vienna, Norbert enjoys long runs through the beautiful streets of his hometown. However, he is also a passionate music fan who enjoys going to concerts or traveling to foreign countries. Together with this family Norbert lives in Vienna.<\/span><\/p><\/div>\t\t\t\t\t\t<\/div>\n\t\t\t\t<\/div>\n\t\t\t\t\t<\/div>\n\t\t<\/div>\n\t\t\t\t\t<\/div>\n\t\t<\/section>\n\t\t\t\t<section class=\"elementor-section elementor-top-section elementor-element elementor-element-3bd2c20 elementor-section-boxed elementor-section-height-default elementor-section-height-default\" data-id=\"3bd2c20\" data-element_type=\"section\">\n\t\t\t\t\t\t<div class=\"elementor-container elementor-column-gap-default\">\n\t\t\t\t\t<div class=\"elementor-column elementor-col-100 elementor-top-column elementor-element elementor-element-52c8baf\" data-id=\"52c8baf\" data-element_type=\"column\">\n\t\t\t<div class=\"elementor-widget-wrap\">\n\t\t\t\t\t\t\t<\/div>\n\t\t<\/div>\n\t\t\t\t\t<\/div>\n\t\t<\/section>\n\t\t\t\t<\/div>","protected":false},"excerpt":{"rendered":"<p>Management Vienna Quantum Consulting wurde mit der Vision gegr\u00fcndet, Beratung durch pers\u00f6nliches Engagement, langj\u00e4hrige Expertise und innovative Ideen neu zu definieren: &#8222;\u00dcber die Jahre ist der Wunsch gewachsen, unsere Kunden, zu denen wir \u00fcber viele Jahr gro\u00dfes Vertrauen und lebendige Partnerschaften aufgebaut haben, bestm\u00f6glich beraten zu k\u00f6nnen. Zusammenarbeit wird bei uns tagt\u00e4glich gelebt, denn wir [&hellip;]<\/p>\n","protected":false},"author":3,"featured_media":0,"parent":0,"menu_order":0,"comment_status":"closed","ping_status":"closed","template":"","meta":{"site-sidebar-layout":"no-sidebar","site-content-layout":"page-builder","ast-site-content-layout":"","site-content-style":"default","site-sidebar-style":"default","ast-global-header-display":"","ast-banner-title-visibility":"","ast-main-header-display":"","ast-hfb-above-header-display":"","ast-hfb-below-header-display":"","ast-hfb-mobile-header-display":"","site-post-title":"disabled","ast-breadcrumbs-content":"","ast-featured-img":"disabled","footer-sml-layout":"","theme-transparent-header-meta":"default","adv-header-id-meta":"","stick-header-meta":"","header-above-stick-meta":"","header-main-stick-meta":"","header-below-stick-meta":"","astra-migrate-meta-layouts":"default","ast-page-background-enabled":"default","ast-page-background-meta":{"desktop":{"background-color":"","background-image":"","background-repeat":"repeat","background-position":"center center","background-size":"auto","background-attachment":"scroll","background-type":"","background-media":"","overlay-type":"","overlay-color":"","overlay-opacity":"","overlay-gradient":""},"tablet":{"background-color":"","background-image":"","background-repeat":"repeat","background-position":"center center","background-size":"auto","background-attachment":"scroll","background-type":"","background-media":"","overlay-type":"","overlay-color":"","overlay-opacity":"","overlay-gradient":""},"mobile":{"background-color":"","background-image":"","background-repeat":"repeat","background-position":"center center","background-size":"auto","background-attachment":"scroll","background-type":"","background-media":"","overlay-type":"","overlay-color":"","overlay-opacity":"","overlay-gradient":""}},"ast-content-background-meta":{"desktop":{"background-color":"var(--ast-global-color-5)","background-image":"","background-repeat":"repeat","background-position":"center center","background-size":"auto","background-attachment":"scroll","background-type":"","background-media":"","overlay-type":"","overlay-color":"","overlay-opacity":"","overlay-gradient":""},"tablet":{"background-color":"var(--ast-global-color-5)","background-image":"","background-repeat":"repeat","background-position":"center center","background-size":"auto","background-attachment":"scroll","background-type":"","background-media":"","overlay-type":"","overlay-color":"","overlay-opacity":"","overlay-gradient":""},"mobile":{"background-color":"var(--ast-global-color-5)","background-image":"","background-repeat":"repeat","background-position":"center center","background-size":"auto","background-attachment":"scroll","background-type":"","background-media":"","overlay-type":"","overlay-color":"","overlay-opacity":"","overlay-gradient":""}},"footnotes":""},"class_list":["post-3097","page","type-page","status-publish","hentry"],"_links":{"self":[{"href":"https:\/\/www.vq-consulting.com\/en\/wp-json\/wp\/v2\/pages\/3097","targetHints":{"allow":["GET"]}}],"collection":[{"href":"https:\/\/www.vq-consulting.com\/en\/wp-json\/wp\/v2\/pages"}],"about":[{"href":"https:\/\/www.vq-consulting.com\/en\/wp-json\/wp\/v2\/types\/page"}],"author":[{"embeddable":true,"href":"https:\/\/www.vq-consulting.com\/en\/wp-json\/wp\/v2\/users\/3"}],"replies":[{"embeddable":true,"href":"https:\/\/www.vq-consulting.com\/en\/wp-json\/wp\/v2\/comments?post=3097"}],"version-history":[{"count":22,"href":"https:\/\/www.vq-consulting.com\/en\/wp-json\/wp\/v2\/pages\/3097\/revisions"}],"predecessor-version":[{"id":3308,"href":"https:\/\/www.vq-consulting.com\/en\/wp-json\/wp\/v2\/pages\/3097\/revisions\/3308"}],"wp:attachment":[{"href":"https:\/\/www.vq-consulting.com\/en\/wp-json\/wp\/v2\/media?parent=3097"}],"curies":[{"name":"wp","href":"https:\/\/api.w.org\/{rel}","templated":true}]}}